{"id":4194,"date":"2021-07-28T08:14:06","date_gmt":"2021-07-28T08:14:06","guid":{"rendered":"http:\/\/expafol.local\/politica-de-cookies"},"modified":"2024-09-26T21:11:24","modified_gmt":"2024-09-26T20:11:24","slug":"politica-de-cookies","status":"publish","type":"page","link":"https:\/\/expafol.com\/en\/politica-de-cookies\/","title":{"rendered":"Cookies Policy"},"content":{"rendered":"\t\t<div data-elementor-type=\"wp-page\" data-elementor-id=\"4194\" class=\"elementor elementor-4194 elementor-4069\" data-elementor-post-type=\"page\">\n\t\t\t\t\t\t<section class=\"elementor-section elementor-top-section elementor-element elementor-element-c7af696 elementor-section-boxed elementor-section-height-default elementor-section-height-default\" data-id=\"c7af696\" data-element_type=\"section\">\n\t\t\t\t\t\t<div class=\"elementor-container elementor-column-gap-default\">\n\t\t\t\t\t<div class=\"elementor-column elementor-col-100 elementor-top-column elementor-element elementor-element-1dfb0e0\" data-id=\"1dfb0e0\" data-element_type=\"column\">\n\t\t\t<div class=\"elementor-widget-wrap elementor-element-populated\">\n\t\t\t\t\t\t<div class=\"elementor-element elementor-element-fdaa984 elementor-widget elementor-widget-heading\" data-id=\"fdaa984\" data-element_type=\"widget\" data-widget_type=\"heading.default\">\n\t\t\t\t<div class=\"elementor-widget-container\">\n\t\t\t\t\t<h2 class=\"elementor-heading-title elementor-size-default\">Pol\u00edtica de Cookies<\/h2>\t\t\t\t<\/div>\n\t\t\t\t<\/div>\n\t\t\t\t\t<\/div>\n\t\t<\/div>\n\t\t\t\t\t<\/div>\n\t\t<\/section>\n\t\t\t\t<section class=\"elementor-section elementor-top-section elementor-element elementor-element-7ae30671 elementor-section-boxed elementor-section-height-default elementor-section-height-default\" data-id=\"7ae30671\" data-element_type=\"section\">\n\t\t\t\t\t\t<div class=\"elementor-container elementor-column-gap-default\">\n\t\t\t\t\t<div class=\"elementor-column elementor-col-100 elementor-top-column elementor-element elementor-element-7fe36b70\" data-id=\"7fe36b70\" data-element_type=\"column\">\n\t\t\t<div class=\"elementor-widget-wrap elementor-element-populated\">\n\t\t\t\t\t\t<div class=\"elementor-element elementor-element-4ef988d5 elementor-widget elementor-widget-text-editor\" data-id=\"4ef988d5\" data-element_type=\"widget\" data-widget_type=\"text-editor.default\">\n\t\t\t\t<div class=\"elementor-widget-container\">\n\t\t\t\t\t\t\t\t\t\n<p>Este sitio web utiliza las cookies propias, de terceros y anal\u00edticas estrictamente necesarias para optimizar la navegaci\u00f3n y mejorar la experiencia de usuario.<\/p>\n\n<p>Con la mera navegaci\u00f3n (con el navegador habilitado para aceptar cookies), el usuario acepta la instalaci\u00f3n de cookies, salvo que se oponga, seg\u00fan se detalla en esta Pol\u00edtica de cookies.<\/p>\n\n<p><strong>\u00bfQu\u00e9 es una cookie?<\/strong><\/p>\n\n<p>Una \u201cCookie\u201d es un peque\u00f1o archivo de texto que un sitio web almacena en el navegador del usuario. Las cookies facilitan el uso de la web y la navegaci\u00f3n por la misma. Son esenciales para el funcionamiento de internet, aportando innumerables ventajas en la prestaci\u00f3n de servicios interactivos.<\/p>\n\n<p>Las cookies se utilizan, por ejemplo, para gestionar la sesi\u00f3n del usuario (reduciendo el n\u00famero de veces que tiene que incluir su contrase\u00f1a), mejorar los servicios ofrecidos, o para adecuar los contenidos de una p\u00e1gina web a sus preferencias.<\/p>\n\n<p>Existen diferentes tipos de cookies:<\/p>\n\n<ul>\n<li><strong>Cookies de sesi\u00f3n:<\/strong>\u00a0se borrar\u00e1n una vez el usuario abandone la p\u00e1gina web que las gener\u00f3<\/li>\n<li><strong>Cookies persistentes:<\/strong>\u00a0que permanecen en su ordenador hasta una fecha determinada.<\/li>\n<\/ul>\n\n<p><strong>Relaci\u00f3n de cookies utilizadas en nuestra web<\/strong><\/p>\n\n<ul>\n<li><strong>Cookies propias:<\/strong>\u00a0Son cookies generadas por la propia p\u00e1gina web que se est\u00e1 visitando.\u00c9stas pueden ser usadas para fines t\u00e9cnicos (tambi\u00e9n denominadas estrictamente necesarias) siendo necesarias para el correcto funcionamiento de la web o para personalizaci\u00f3n haciendo posible que el usuario puede configurar aspectos como el idioma de la web, etc.<\/li>\n<li><strong>Cookies de terceros:<\/strong>\u00a0Como por ejemplo las utilizadas para la aceptaci\u00f3n de nuestra pol\u00edtica de cookies.Al pulsar sobre el bot\u00f3n &#8220;Acepto&#8221;, \u00e9stas har\u00e1n que no se muestre el cuadro de aviso en la pantalla cada vez que entres en nuestro sitio web.<\/li>\n<li><strong>Cookies anal\u00edticas:<\/strong>\u00a0Este tipo de cookies se utilizan para recopilar datos estad\u00edsticos de la actividad en el sitio web mediante Google Analytics con el prop\u00f3sito de garantizar el mejor servicio posible al usuario.<\/li>\n<\/ul>\n\n<p>Si desea obtener m\u00e1s informaci\u00f3n sobre el tipo de cookies que utiliza Google y c\u00f3mo las utiliza puede visitar el siguiente enlace:\u00a0<a href=\"http:\/\/www.google.es\/intl\/es\/policies\/technologies\/cookies\/\" target=\"_blank\" rel=\"noopener\">http:\/\/www.google.es\/intl\/es\/policies\/technologies\/cookies\/<\/a><\/p>\n\n<p>A continuaci\u00f3n detallamos la cookies utilizadas en nuestra web:<\/p>\n\n<figure class=\"wp-block-table\">\n<table>\n<tbody>\n<tr>\n<th scope=\"col\"><strong>NOMBRE<\/strong><\/th>\n<th scope=\"col\"><strong>DOMINIO<\/strong><\/th>\n<th scope=\"col\"><strong>FINALIDAD<\/strong><\/th>\n<\/tr>\n<tr>\n<td>NID<\/td>\n<td>google.com<\/td>\n<td>Este tipo de cookies se utilizan para recopilar datos estad\u00edsticos de la actividad en el sitio web mediante Google Analytics.<\/td>\n<\/tr>\n<tr>\n<td>PREF<\/td>\n<td>\u00a0<\/td>\n<td>\u00a0<\/td>\n<\/tr>\n<tr>\n<td>_utma<\/td>\n<td>\u00a0<\/td>\n<td>\u00a0<\/td>\n<\/tr>\n<tr>\n<td>_utmb<\/td>\n<td>\u00a0<\/td>\n<td>\u00a0<\/td>\n<\/tr>\n<tr>\n<td>_utmc<\/td>\n<td>\u00a0<\/td>\n<td>\u00a0<\/td>\n<\/tr>\n<tr>\n<td>_utmt<\/td>\n<td>\u00a0<\/td>\n<td>\u00a0<\/td>\n<\/tr>\n<tr>\n<td>_utmz<\/td>\n<td>\u00a0<\/td>\n<td>\u00a0<\/td>\n<\/tr>\n<tr>\n<td>APISID<\/td>\n<td>\u00a0<\/td>\n<td>\u00a0<\/td>\n<\/tr>\n<tr>\n<td>CONSENT<\/td>\n<td>\u00a0<\/td>\n<td>\u00a0<\/td>\n<\/tr>\n<tr>\n<td>HSID<\/td>\n<td>\u00a0<\/td>\n<td>\u00a0<\/td>\n<\/tr>\n<tr>\n<td>SAPISID<\/td>\n<td>\u00a0<\/td>\n<td>\u00a0<\/td>\n<\/tr>\n<tr>\n<td>SSID<\/td>\n<td>\u00a0<\/td>\n<td>\u00a0<\/td>\n<\/tr>\n<tr>\n<td>cookiesDirective<\/td>\n<td><strong>cookiesdirective.com<\/strong><\/td>\n<td>El usuario recibir\u00e1 un aviso de que el sitio web est\u00e1 utilizando cookies cada vez que acceda a una nueva p\u00e1gina del sitio, dado que el navegador no podr\u00e1 recordar la contestaci\u00f3n a dicho aviso que se hubiera producido previamente. La aceptaci\u00f3n de esta cookies supone que podr\u00e1 seguir utilizando los servicios de la web sin restricciones.<\/td>\n<\/tr>\n<\/tbody>\n<\/table>\n<\/figure>\n\n<p><strong>Garant\u00edas y opciones sobre las cookies<\/strong><\/p>\n\n<p>En todo momento, y al menos, durante la instalaci\u00f3n o puesta al d\u00eda del navegador, el usuario tiene la posibilidad de aceptar o rechazar la instalaci\u00f3n de cookies, o bien rechazar la instalaci\u00f3n de un determinado tipo de cookies, como las cookies de terceros.Adem\u00e1s, despu\u00e9s de cada sesi\u00f3n puede eliminar todas o algunas de las cookies almacenadas.<\/p>\n\n<p>Asimismo el usuario puede activar:<\/p>\n\n<ul>\n<li><strong>La navegaci\u00f3n privada:<\/strong>\u00a0Mediante la cual su navegador deja de guardar el historial de navegaci\u00f3n, contrase\u00f1as de sitios web, cookies y otra informaci\u00f3n de las p\u00e1ginas que visita.<\/li>\n<li><strong>La funci\u00f3n de no rastrear:<\/strong>\u00a0Por la que el navegador pide a los sitios web que visita que no rastreen sus h\u00e1bitos de navegaci\u00f3n, para por ejemplo, servirle publicidad de su inter\u00e9s en los sitios que visita.<\/li>\n<\/ul>\n\n<p>Le recomendamos que consulte la ayuda de su navegador para informarse de las diferentes opciones sobre c\u00f3mo gestionar las cookies.<\/p>\n\n<p>A continuaci\u00f3n incluimos los v\u00ednculos para gestionar cookies en los navegadores m\u00e1s relevantes:<\/p>\n\n<p><strong>Internet Explorer:<\/strong>\u00a0<a href=\"http:\/\/windows.microsoft.com\/es-ES\/windows-vista\/Block-or-allow-cookies\" target=\"_blank\" rel=\"noopener\">http:\/\/windows.microsoft.com\/es-ES\/windows-vista\/Block-or-allow-cookies<\/a><br \/><strong>Firefox:<\/strong>\u00a0<a href=\"http:\/\/support.mozilla.org\/es\/kb\/habilitar-y-deshabilitar-cookies-que-los-sitios-we\" target=\"_blank\" rel=\"noopener\">http:\/\/support.mozilla.org\/es\/kb\/habilitar-y-deshabilitar-cookies-que-los-sitios-we<\/a><br \/><strong>Safari:<\/strong>\u00a0<a href=\"http:\/\/support.apple.com\/kb\/HT1677?viewlocale=es_ES&amp;locale=es_ES\" target=\"_blank\" rel=\"noopener\">http:\/\/support.apple.com\/kb\/HT1677?viewlocale=es_ES&amp;locale=es_ES<\/a><br \/><strong>Google Chrome:<\/strong>\u00a0<a href=\"http:\/\/support.google.com\/chrome\/answer\/95647?hl=es\" target=\"_blank\" rel=\"noopener\">http:\/\/support.google.com\/chrome\/answer\/95647?hl=es<\/a><\/p>\n\n<p><br \/>Tenga en cuenta que el bloqueo de cookies puede afectar a todas o algunas de las funcionalidades de nuestra web.<\/p>\n\t\t\t\t\t\t\t\t<\/div>\n\t\t\t\t<\/div>\n\t\t\t\t\t<\/div>\n\t\t<\/div>\n\t\t\t\t\t<\/div>\n\t\t<\/section>\n\t\t\t\t<\/div>\n\t\t","protected":false},"excerpt":{"rendered":"<p>Pol\u00edtica de Cookies Este sitio web utiliza las cookies propias, de terceros y anal\u00edticas estrictamente necesarias para optimizar la navegaci\u00f3n y mejorar la experiencia de usuario. Con la mera navegaci\u00f3n (con el navegador habilitado para aceptar cookies), el usuario acepta la instalaci\u00f3n de cookies, salvo que se oponga, seg\u00fan se detalla en esta Pol\u00edtica de &#8230; <a title=\"Cookies Policy\" class=\"read-more\" href=\"https:\/\/expafol.com\/en\/politica-de-cookies\/\" aria-label=\"Read more about Cookies Policy\">Read more<\/a><\/p>\n","protected":false},"author":7,"featured_media":0,"parent":0,"menu_order":0,"comment_status":"closed","ping_status":"closed","template":"","meta":{"footnotes":""},"class_list":["post-4194","page","type-page","status-publish"],"_links":{"self":[{"href":"https:\/\/expafol.com\/en\/wp-json\/wp\/v2\/pages\/4194","targetHints":{"allow":["GET"]}}],"collection":[{"href":"https:\/\/expafol.com\/en\/wp-json\/wp\/v2\/pages"}],"about":[{"href":"https:\/\/expafol.com\/en\/wp-json\/wp\/v2\/types\/page"}],"author":[{"embeddable":true,"href":"https:\/\/expafol.com\/en\/wp-json\/wp\/v2\/users\/7"}],"replies":[{"embeddable":true,"href":"https:\/\/expafol.com\/en\/wp-json\/wp\/v2\/comments?post=4194"}],"version-history":[{"count":0,"href":"https:\/\/expafol.com\/en\/wp-json\/wp\/v2\/pages\/4194\/revisions"}],"wp:attachment":[{"href":"https:\/\/expafol.com\/en\/wp-json\/wp\/v2\/media?parent=4194"}],"curies":[{"name":"wp","href":"https:\/\/api.w.org\/{rel}","templated":true}]}}