{"id":4195,"date":"2021-07-28T07:57:46","date_gmt":"2021-07-28T07:57:46","guid":{"rendered":"http:\/\/expafol.local\/aviso-legal"},"modified":"2023-05-31T14:53:44","modified_gmt":"2023-05-31T14:53:44","slug":"aviso-legal","status":"publish","type":"page","link":"https:\/\/expafol.com\/en\/aviso-legal\/","title":{"rendered":"Legal Notice"},"content":{"rendered":"\t\t<div data-elementor-type=\"wp-page\" data-elementor-id=\"4195\" class=\"elementor elementor-4195 elementor-4059\" data-elementor-post-type=\"page\">\n\t\t\t\t\t\t<section class=\"elementor-section elementor-top-section elementor-element elementor-element-e79dbdd elementor-section-boxed elementor-section-height-default elementor-section-height-default\" data-id=\"e79dbdd\" data-element_type=\"section\">\n\t\t\t\t\t\t<div class=\"elementor-container elementor-column-gap-default\">\n\t\t\t\t\t<div class=\"elementor-column elementor-col-100 elementor-top-column elementor-element elementor-element-743660e\" data-id=\"743660e\" data-element_type=\"column\">\n\t\t\t<div class=\"elementor-widget-wrap elementor-element-populated\">\n\t\t\t\t\t\t<div class=\"elementor-element elementor-element-b6fcdf3 elementor-widget elementor-widget-heading\" data-id=\"b6fcdf3\" data-element_type=\"widget\" data-widget_type=\"heading.default\">\n\t\t\t\t<div class=\"elementor-widget-container\">\n\t\t\t\t\t<h2 class=\"elementor-heading-title elementor-size-default\">Aviso legal<\/h2>\t\t\t\t<\/div>\n\t\t\t\t<\/div>\n\t\t\t\t\t<\/div>\n\t\t<\/div>\n\t\t\t\t\t<\/div>\n\t\t<\/section>\n\t\t\t\t<section class=\"elementor-section elementor-top-section elementor-element elementor-element-b5a0ecc elementor-section-boxed elementor-section-height-default elementor-section-height-default\" data-id=\"b5a0ecc\" data-element_type=\"section\">\n\t\t\t\t\t\t<div class=\"elementor-container elementor-column-gap-default\">\n\t\t\t\t\t<div class=\"elementor-column elementor-col-100 elementor-top-column elementor-element elementor-element-72c3bb48\" data-id=\"72c3bb48\" data-element_type=\"column\">\n\t\t\t<div class=\"elementor-widget-wrap elementor-element-populated\">\n\t\t\t\t\t\t<div class=\"elementor-element elementor-element-3eae6e0b elementor-widget elementor-widget-text-editor\" data-id=\"3eae6e0b\" data-element_type=\"widget\" data-widget_type=\"text-editor.default\">\n\t\t\t\t<div class=\"elementor-widget-container\">\n\t\t\t\t\t\t\t\t\t\n<p><strong>Responsable:<\/strong>&nbsp;EXPAFOL, SLU<br><strong>Identidad:<\/strong>&nbsp;EXPAFOL, SLU<br><strong>NIF:<\/strong>&nbsp;B-59868869<br><strong>Dir. postal:<\/strong>&nbsp;C\/APOLO, 101 \u00b7 08024 TERRASSA, BARCELONA SPAIN<br><strong>Tel\u00e9fono:<\/strong>&nbsp;+34 937 315 905<br><strong>Email:&nbsp;<\/strong><a href=\"mailto:info@expafol.local\">info@expafol.local<\/a><\/p>\n\n\n\n<p>De acuerdo con las obligaciones previstas en la Ley 34\/2002 de 11 de Julio de servicios de la Sociedad de la Informaci\u00f3n y del comercio electr\u00f3nico (LSSIYCE), EXPAFOL, SLU manifiesta que el dominio&nbsp;<a href=\"https:\/\/expafol.com\/\" target=\"_blank\" rel=\"noreferrer noopener\">www.expafol.com<\/a>&nbsp;es propiedad \u00fanica y exclusivamente de EXPAFOL, SLU.&nbsp;<\/p>\n\n\n\n<p>En virtud de la normativa de Protecci\u00f3n de Datos de Car\u00e1cter Personal, EXPAFOL, SLU declara su total y abosulto respeto a la confidencialidad de todos los datos personales que pueda prestarnos y autoriza, en su defecto, a que dichos datos personales facilitados a la compa\u00f1\u00eda sean incorporados a nuestra base de datos. As\u00edmismo, informamos que los datos personales de nuestros clientes no se ceder\u00e1n a terceros bajo ning\u00fan concepto, salvo en los casos en que exista una obligaci\u00f3n legal.&nbsp;<\/p>\n\n\n\n<p>Para la resoluci\u00f3n de todas las controversias o cuestiones relacionadas con el presente sitio web o de las actividades en \u00e9l desarrolladas, ser\u00e1 de aplicaci\u00f3n la legislaci\u00f3n espa\u00f1ola, a la que se someten expresamente las partes, siendo competentes para la resoluci\u00f3n de todos los conflictos derivados o relacionados con su uso los Juzgados y Tribunales m\u00e1s cercanos a BARCELONA.<\/p>\n\t\t\t\t\t\t\t\t<\/div>\n\t\t\t\t<\/div>\n\t\t\t\t\t<\/div>\n\t\t<\/div>\n\t\t\t\t\t<\/div>\n\t\t<\/section>\n\t\t\t\t<\/div>\n\t\t","protected":false},"excerpt":{"rendered":"<p>Aviso legal Responsable:&nbsp;EXPAFOL, SLU Identidad:&nbsp;EXPAFOL, SLU NIF:&nbsp;B-59868869 Dir. postal:&nbsp;C\/APOLO, 101 \u00b7 08024 TERRASSA, BARCELONA SPAIN Tel\u00e9fono:&nbsp;+34 937 315 905 Email:&nbsp;info@expafol.local De acuerdo con las obligaciones previstas en la Ley 34\/2002 de 11 de Julio de servicios de la Sociedad de la Informaci\u00f3n y del comercio electr\u00f3nico (LSSIYCE), EXPAFOL, SLU manifiesta que el dominio&nbsp;www.expafol.com&nbsp;es propiedad \u00fanica &#8230; <a title=\"Legal Notice\" class=\"read-more\" href=\"https:\/\/expafol.com\/en\/aviso-legal\/\" aria-label=\"Read more about Legal Notice\">Read more<\/a><\/p>\n","protected":false},"author":7,"featured_media":0,"parent":0,"menu_order":0,"comment_status":"closed","ping_status":"closed","template":"","meta":{"footnotes":""},"class_list":["post-4195","page","type-page","status-publish"],"_links":{"self":[{"href":"https:\/\/expafol.com\/en\/wp-json\/wp\/v2\/pages\/4195","targetHints":{"allow":["GET"]}}],"collection":[{"href":"https:\/\/expafol.com\/en\/wp-json\/wp\/v2\/pages"}],"about":[{"href":"https:\/\/expafol.com\/en\/wp-json\/wp\/v2\/types\/page"}],"author":[{"embeddable":true,"href":"https:\/\/expafol.com\/en\/wp-json\/wp\/v2\/users\/7"}],"replies":[{"embeddable":true,"href":"https:\/\/expafol.com\/en\/wp-json\/wp\/v2\/comments?post=4195"}],"version-history":[{"count":0,"href":"https:\/\/expafol.com\/en\/wp-json\/wp\/v2\/pages\/4195\/revisions"}],"wp:attachment":[{"href":"https:\/\/expafol.com\/en\/wp-json\/wp\/v2\/media?parent=4195"}],"curies":[{"name":"wp","href":"https:\/\/api.w.org\/{rel}","templated":true}]}}